{"id":113,"date":"2024-07-05T11:33:35","date_gmt":"2024-07-05T09:33:35","guid":{"rendered":"https:\/\/eloquentia-paris.com\/?page_id=113"},"modified":"2024-09-24T17:35:03","modified_gmt":"2024-09-24T15:35:03","slug":"nos-services","status":"publish","type":"page","link":"https:\/\/eloquentia-paris.com\/index.php\/nos-services\/","title":{"rendered":"Nos Services"},"content":{"rendered":"\n<p><\/p>\n\n\n\n<figure class=\"wp-block-gallery has-nested-images columns-3 is-cropped wp-block-gallery-1 is-layout-flex wp-block-gallery-is-layout-flex\">\n<figure class=\"wp-block-image size-large is-style-default\"><img loading=\"lazy\" decoding=\"async\" width=\"1024\" height=\"768\" data-id=\"20\" src=\"https:\/\/eloquentia-paris.com\/wp-content\/uploads\/2024\/02\/20230927_135439-1024x768.jpg\" alt=\"\" class=\"wp-image-20\" srcset=\"https:\/\/eloquentia-paris.com\/wp-content\/uploads\/2024\/02\/20230927_135439-1024x768.jpg 1024w, https:\/\/eloquentia-paris.com\/wp-content\/uploads\/2024\/02\/20230927_135439-300x225.jpg 300w, https:\/\/eloquentia-paris.com\/wp-content\/uploads\/2024\/02\/20230927_135439-768x576.jpg 768w, https:\/\/eloquentia-paris.com\/wp-content\/uploads\/2024\/02\/20230927_135439-1536x1152.jpg 1536w, https:\/\/eloquentia-paris.com\/wp-content\/uploads\/2024\/02\/20230927_135439-2048x1536.jpg 2048w, https:\/\/eloquentia-paris.com\/wp-content\/uploads\/2024\/02\/20230927_135439-700x525.jpg 700w, https:\/\/eloquentia-paris.com\/wp-content\/uploads\/2024\/02\/20230927_135439-2000x1500.jpg 2000w, https:\/\/eloquentia-paris.com\/wp-content\/uploads\/2024\/02\/20230927_135439-533x400.jpg 533w\" sizes=\"auto, (max-width: 1024px) 100vw, 1024px\" \/><figcaption class=\"wp-element-caption\"><a href=\"https:\/\/eloquentia-paris.com\/index.php\/nos-services\/interpretation-simultanee\/\" target=\"_blank\" rel=\"noopener\" title=\"\">Interpr\u00e9tation<br>simultan\u00e9e<\/a><\/figcaption><\/figure>\n\n\n\n<figure class=\"wp-block-image size-full\"><img loading=\"lazy\" decoding=\"async\" width=\"1066\" height=\"1202\" data-id=\"283\" src=\"http:\/\/eloquentia-paris.com\/wp-content\/uploads\/2024\/09\/IMG-20180912-WA0013.jpg\" alt=\"\" class=\"wp-image-283\" srcset=\"https:\/\/eloquentia-paris.com\/wp-content\/uploads\/2024\/09\/IMG-20180912-WA0013.jpg 1066w, https:\/\/eloquentia-paris.com\/wp-content\/uploads\/2024\/09\/IMG-20180912-WA0013-266x300.jpg 266w, https:\/\/eloquentia-paris.com\/wp-content\/uploads\/2024\/09\/IMG-20180912-WA0013-908x1024.jpg 908w\" sizes=\"auto, (max-width: 1066px) 100vw, 1066px\" \/><figcaption class=\"wp-element-caption\"><a href=\"https:\/\/eloquentia-paris.com\/index.php\/nos-services\/interpretation-consecutive\/\" target=\"_blank\" rel=\"noopener\" title=\"\">Interpr\u00e9tation<br>cons\u00e9cutive<\/a><\/figcaption><\/figure>\n\n\n\n<figure class=\"wp-block-image size-full\"><img loading=\"lazy\" decoding=\"async\" width=\"2560\" height=\"1707\" data-id=\"285\" src=\"http:\/\/eloquentia-paris.com\/wp-content\/uploads\/2024\/09\/iStock-1301017462_SeventyFour-scaled.jpg\" alt=\"\" class=\"wp-image-285\" srcset=\"https:\/\/eloquentia-paris.com\/wp-content\/uploads\/2024\/09\/iStock-1301017462_SeventyFour-scaled.jpg 2560w, https:\/\/eloquentia-paris.com\/wp-content\/uploads\/2024\/09\/iStock-1301017462_SeventyFour-300x200.jpg 300w, https:\/\/eloquentia-paris.com\/wp-content\/uploads\/2024\/09\/iStock-1301017462_SeventyFour-1024x683.jpg 1024w, https:\/\/eloquentia-paris.com\/wp-content\/uploads\/2024\/09\/iStock-1301017462_SeventyFour-2000x1333.jpg 2000w\" sizes=\"auto, (max-width: 2560px) 100vw, 2560px\" \/><figcaption class=\"wp-element-caption\"><strong><a href=\"https:\/\/eloquentia-paris.com\/index.php\/nos-services\/interpretation-assermentee\/\" target=\"_blank\" rel=\"noopener\" title=\"\">Interpr\u00e9tation<br>chuchot\u00e9e \/ asserment\u00e9e<\/a><\/strong><\/figcaption><\/figure>\n<\/figure>\n\n\n\n<p><\/p>\n\n\n\n<figure class=\"wp-block-gallery has-nested-images columns-default is-cropped wp-block-gallery-2 is-layout-flex wp-block-gallery-is-layout-flex\">\n<figure class=\"wp-block-image size-large\"><img loading=\"lazy\" decoding=\"async\" width=\"1024\" height=\"655\" data-id=\"188\" src=\"https:\/\/eloquentia-paris.com\/wp-content\/uploads\/2024\/07\/iStock-505753884_djedzura-1-1024x655.jpg\" alt=\"\" class=\"wp-image-188\" srcset=\"https:\/\/eloquentia-paris.com\/wp-content\/uploads\/2024\/07\/iStock-505753884_djedzura-1-1024x655.jpg 1024w, https:\/\/eloquentia-paris.com\/wp-content\/uploads\/2024\/07\/iStock-505753884_djedzura-1-300x192.jpg 300w, https:\/\/eloquentia-paris.com\/wp-content\/uploads\/2024\/07\/iStock-505753884_djedzura-1-2000x1279.jpg 2000w\" sizes=\"auto, (max-width: 1024px) 100vw, 1024px\" \/><figcaption class=\"wp-element-caption\"><a href=\"https:\/\/eloquentia-paris.com\/index.php\/nos-services\/traduction-ecrite\/traduction-assermentee\/\" target=\"_blank\" rel=\"noopener\" title=\"\">Traduction<br>asserment\u00e9e<\/a><\/figcaption><\/figure>\n\n\n\n<figure class=\"wp-block-image size-large\"><img loading=\"lazy\" decoding=\"async\" width=\"612\" height=\"408\" data-id=\"277\" src=\"https:\/\/eloquentia-paris.com\/wp-content\/uploads\/2024\/09\/istockphoto-1146512646-612x612-1.jpg\" alt=\"\" class=\"wp-image-277\" srcset=\"https:\/\/eloquentia-paris.com\/wp-content\/uploads\/2024\/09\/istockphoto-1146512646-612x612-1.jpg 612w, https:\/\/eloquentia-paris.com\/wp-content\/uploads\/2024\/09\/istockphoto-1146512646-612x612-1-300x200.jpg 300w\" sizes=\"auto, (max-width: 612px) 100vw, 612px\" \/><figcaption class=\"wp-element-caption\"><a href=\"https:\/\/eloquentia-paris.com\/index.php\/nos-services\/traduction-ecrite\/traduction-generaliste-et-specialiste\/\" target=\"_blank\" rel=\"noopener\" title=\"\">Traduction<br>g\u00e9n\u00e9raliste et sp\u00e9cialis\u00e9e<\/a><\/figcaption><\/figure>\n<\/figure>\n\n\n\n<p><\/p>\n","protected":false},"excerpt":{"rendered":"","protected":false},"author":1,"featured_media":0,"parent":0,"menu_order":0,"comment_status":"closed","ping_status":"closed","template":"","meta":{"om_disable_all_campaigns":false,"_monsterinsights_skip_tracking":false,"_monsterinsights_sitenote_active":false,"_monsterinsights_sitenote_note":"","_monsterinsights_sitenote_category":0,"inspiro_hide_title":false,"footnotes":""},"class_list":["post-113","page","type-page","status-publish","hentry"],"aioseo_notices":[],"jetpack_sharing_enabled":true,"_links":{"self":[{"href":"https:\/\/eloquentia-paris.com\/index.php\/wp-json\/wp\/v2\/pages\/113","targetHints":{"allow":["GET"]}}],"collection":[{"href":"https:\/\/eloquentia-paris.com\/index.php\/wp-json\/wp\/v2\/pages"}],"about":[{"href":"https:\/\/eloquentia-paris.com\/index.php\/wp-json\/wp\/v2\/types\/page"}],"author":[{"embeddable":true,"href":"https:\/\/eloquentia-paris.com\/index.php\/wp-json\/wp\/v2\/users\/1"}],"replies":[{"embeddable":true,"href":"https:\/\/eloquentia-paris.com\/index.php\/wp-json\/wp\/v2\/comments?post=113"}],"version-history":[{"count":12,"href":"https:\/\/eloquentia-paris.com\/index.php\/wp-json\/wp\/v2\/pages\/113\/revisions"}],"predecessor-version":[{"id":426,"href":"https:\/\/eloquentia-paris.com\/index.php\/wp-json\/wp\/v2\/pages\/113\/revisions\/426"}],"wp:attachment":[{"href":"https:\/\/eloquentia-paris.com\/index.php\/wp-json\/wp\/v2\/media?parent=113"}],"curies":[{"name":"wp","href":"https:\/\/api.w.org\/{rel}","templated":true}]}}