{"id":138,"date":"2024-07-05T12:52:04","date_gmt":"2024-07-05T10:52:04","guid":{"rendered":"https:\/\/eloquentia-paris.com\/?page_id=138"},"modified":"2025-06-03T15:11:17","modified_gmt":"2025-06-03T13:11:17","slug":"traduction-assermentee","status":"publish","type":"page","link":"https:\/\/eloquentia-paris.com\/index.php\/nos-services\/traduction-ecrite\/traduction-assermentee\/","title":{"rendered":"Traduction asserment\u00e9e"},"content":{"rendered":"\n<div class=\"wp-block-media-text is-stacked-on-mobile\" style=\"grid-template-columns:32% auto\"><figure class=\"wp-block-media-text__media\"><img loading=\"lazy\" decoding=\"async\" width=\"721\" height=\"1024\" src=\"http:\/\/eloquentia-paris.com\/wp-content\/uploads\/2024\/09\/WhatsApp-Image-2024-07-15-a-16.58.00_c15653ff-Blurred-721x1024.jpg\" alt=\"\" class=\"wp-image-300 size-full\" srcset=\"https:\/\/eloquentia-paris.com\/wp-content\/uploads\/2024\/09\/WhatsApp-Image-2024-07-15-a-16.58.00_c15653ff-Blurred-721x1024.jpg 721w, https:\/\/eloquentia-paris.com\/wp-content\/uploads\/2024\/09\/WhatsApp-Image-2024-07-15-a-16.58.00_c15653ff-Blurred-211x300.jpg 211w, https:\/\/eloquentia-paris.com\/wp-content\/uploads\/2024\/09\/WhatsApp-Image-2024-07-15-a-16.58.00_c15653ff-Blurred.jpg 1086w\" sizes=\"auto, (max-width: 721px) 100vw, 721px\" \/><\/figure><div class=\"wp-block-media-text__content\">\n<p>Besoin de faire traduire un document officiel de l&#8217;anglais vers le fran\u00e7ais ?<\/p>\n\n\n\n<p><\/p>\n\n\n\n<p>Qu&#8217;il s&#8217;agisse d&#8217;un acte d&#8217;\u00e9tat civil, d&#8217;un dipl\u00f4me, d&#8217;un permis de conduire ou autre, nous nous en occupons pour vous gr\u00e2ce \u00e0 la distinction &#8220;Traducteur Interpr\u00e8te Expert pr\u00e8s la Cour d&#8217;Appel de Paris&#8221;.<\/p>\n<\/div><\/div>\n\n\n\n<p><\/p>\n","protected":false},"excerpt":{"rendered":"<p>Besoin de faire traduire un document officiel de l&#8217;anglais vers le fran\u00e7ais ? Qu&#8217;il s&#8217;agisse d&#8217;un acte d&#8217;\u00e9tat civil, d&#8217;un dipl\u00f4me, d&#8217;un permis de conduire ou autre, nous nous en occupons pour vous gr\u00e2ce \u00e0 la distinction &#8220;Traducteur Interpr\u00e8te Expert pr\u00e8s la Cour d&#8217;Appel de Paris&#8221;.<\/p>\n","protected":false},"author":1,"featured_media":0,"parent":136,"menu_order":1,"comment_status":"closed","ping_status":"closed","template":"","meta":{"om_disable_all_campaigns":false,"_monsterinsights_skip_tracking":false,"_monsterinsights_sitenote_active":false,"_monsterinsights_sitenote_note":"","_monsterinsights_sitenote_category":0,"inspiro_hide_title":false,"footnotes":""},"class_list":["post-138","page","type-page","status-publish","hentry"],"aioseo_notices":[],"jetpack_sharing_enabled":true,"_links":{"self":[{"href":"https:\/\/eloquentia-paris.com\/index.php\/wp-json\/wp\/v2\/pages\/138","targetHints":{"allow":["GET"]}}],"collection":[{"href":"https:\/\/eloquentia-paris.com\/index.php\/wp-json\/wp\/v2\/pages"}],"about":[{"href":"https:\/\/eloquentia-paris.com\/index.php\/wp-json\/wp\/v2\/types\/page"}],"author":[{"embeddable":true,"href":"https:\/\/eloquentia-paris.com\/index.php\/wp-json\/wp\/v2\/users\/1"}],"replies":[{"embeddable":true,"href":"https:\/\/eloquentia-paris.com\/index.php\/wp-json\/wp\/v2\/comments?post=138"}],"version-history":[{"count":6,"href":"https:\/\/eloquentia-paris.com\/index.php\/wp-json\/wp\/v2\/pages\/138\/revisions"}],"predecessor-version":[{"id":625,"href":"https:\/\/eloquentia-paris.com\/index.php\/wp-json\/wp\/v2\/pages\/138\/revisions\/625"}],"up":[{"embeddable":true,"href":"https:\/\/eloquentia-paris.com\/index.php\/wp-json\/wp\/v2\/pages\/136"}],"wp:attachment":[{"href":"https:\/\/eloquentia-paris.com\/index.php\/wp-json\/wp\/v2\/media?parent=138"}],"curies":[{"name":"wp","href":"https:\/\/api.w.org\/{rel}","templated":true}]}}