{"id":140,"date":"2024-07-05T12:57:28","date_gmt":"2024-07-05T10:57:28","guid":{"rendered":"https:\/\/eloquentia-paris.com\/?page_id=140"},"modified":"2024-09-24T17:15:05","modified_gmt":"2024-09-24T15:15:05","slug":"traduction-generaliste-et-specialiste","status":"publish","type":"page","link":"https:\/\/eloquentia-paris.com\/index.php\/nos-services\/traduction-ecrite\/traduction-generaliste-et-specialiste\/","title":{"rendered":"Traduction g\u00e9n\u00e9raliste et sp\u00e9cialiste"},"content":{"rendered":"\n<div class=\"wp-block-media-text has-media-on-the-right is-stacked-on-mobile is-vertically-aligned-center\" style=\"grid-template-columns:auto 31%\"><div class=\"wp-block-media-text__content\">\n<p><\/p>\n\n\n\n<p>Vous avez besoin d&#8217;une traduction :<\/p>\n\n\n\n<p>. g\u00e9n\u00e9raliste ? <\/p>\n\n\n\n<p>. technique ? <\/p>\n\n\n\n<p>. \u00e9conomique ? <\/p>\n\n\n\n<p>. financi\u00e8re ? <\/p>\n\n\n\n<p>. m\u00e9dicale ? <\/p>\n\n\n\n<p>. acad\u00e9mique ou encore scientifique ?<\/p>\n\n\n\n<p><\/p>\n\n\n\n<p><\/p>\n<\/div><figure class=\"wp-block-media-text__media\"><img loading=\"lazy\" decoding=\"async\" width=\"1024\" height=\"768\" src=\"http:\/\/eloquentia-paris.com\/wp-content\/uploads\/2024\/07\/iStock-615495178_nicomenijes-1024x768.jpg\" alt=\"\" class=\"wp-image-183 size-full\" srcset=\"https:\/\/eloquentia-paris.com\/wp-content\/uploads\/2024\/07\/iStock-615495178_nicomenijes-1024x768.jpg 1024w, https:\/\/eloquentia-paris.com\/wp-content\/uploads\/2024\/07\/iStock-615495178_nicomenijes-300x225.jpg 300w, https:\/\/eloquentia-paris.com\/wp-content\/uploads\/2024\/07\/iStock-615495178_nicomenijes-2000x1500.jpg 2000w\" sizes=\"auto, (max-width: 1024px) 100vw, 1024px\" \/><\/figure><\/div>\n\n\n\n<p><\/p>\n\n\n\n<div class=\"wp-block-media-text is-stacked-on-mobile\" style=\"grid-template-columns:27% auto\"><figure class=\"wp-block-media-text__media\"><img loading=\"lazy\" decoding=\"async\" width=\"612\" height=\"612\" src=\"http:\/\/eloquentia-paris.com\/wp-content\/uploads\/2024\/09\/istockphoto-486436394-612x612-1.jpg\" alt=\"\" class=\"wp-image-279 size-full\" srcset=\"https:\/\/eloquentia-paris.com\/wp-content\/uploads\/2024\/09\/istockphoto-486436394-612x612-1.jpg 612w, https:\/\/eloquentia-paris.com\/wp-content\/uploads\/2024\/09\/istockphoto-486436394-612x612-1-300x300.jpg 300w, https:\/\/eloquentia-paris.com\/wp-content\/uploads\/2024\/09\/istockphoto-486436394-612x612-1-150x150.jpg 150w\" sizes=\"auto, (max-width: 612px) 100vw, 612px\" \/><\/figure><div class=\"wp-block-media-text__content\">\n<p>N\u2019h\u00e9sitez pas \u00e0 nous contacter en cliquant sur la rubrique tout en haut \u00e0 droite dans la barre du menu, nous nous tenons \u00e0 votre disposition pour traduire tout type de document.<\/p>\n<\/div><\/div>\n","protected":false},"excerpt":{"rendered":"<p>Vous avez besoin d&#8217;une traduction : . g\u00e9n\u00e9raliste ? . technique ? . \u00e9conomique ? . financi\u00e8re ? . m\u00e9dicale ? . acad\u00e9mique ou encore scientifique ? N\u2019h\u00e9sitez pas \u00e0 nous contacter en cliquant sur la rubrique tout en haut \u00e0 droite dans la barre du menu, nous nous tenons \u00e0 votre disposition pour traduire &hellip; <\/p>\n<p class=\"link-more\"><a href=\"https:\/\/eloquentia-paris.com\/index.php\/nos-services\/traduction-ecrite\/traduction-generaliste-et-specialiste\/\" class=\"more-link\">Read more<span class=\"screen-reader-text\"> &#8220;Traduction g\u00e9n\u00e9raliste et sp\u00e9cialiste&#8221;<\/span><\/a><\/p>\n","protected":false},"author":1,"featured_media":0,"parent":136,"menu_order":2,"comment_status":"closed","ping_status":"closed","template":"","meta":{"om_disable_all_campaigns":false,"_monsterinsights_skip_tracking":false,"_monsterinsights_sitenote_active":false,"_monsterinsights_sitenote_note":"","_monsterinsights_sitenote_category":0,"inspiro_hide_title":false,"footnotes":""},"class_list":["post-140","page","type-page","status-publish","hentry"],"aioseo_notices":[],"jetpack_sharing_enabled":true,"_links":{"self":[{"href":"https:\/\/eloquentia-paris.com\/index.php\/wp-json\/wp\/v2\/pages\/140","targetHints":{"allow":["GET"]}}],"collection":[{"href":"https:\/\/eloquentia-paris.com\/index.php\/wp-json\/wp\/v2\/pages"}],"about":[{"href":"https:\/\/eloquentia-paris.com\/index.php\/wp-json\/wp\/v2\/types\/page"}],"author":[{"embeddable":true,"href":"https:\/\/eloquentia-paris.com\/index.php\/wp-json\/wp\/v2\/users\/1"}],"replies":[{"embeddable":true,"href":"https:\/\/eloquentia-paris.com\/index.php\/wp-json\/wp\/v2\/comments?post=140"}],"version-history":[{"count":9,"href":"https:\/\/eloquentia-paris.com\/index.php\/wp-json\/wp\/v2\/pages\/140\/revisions"}],"predecessor-version":[{"id":425,"href":"https:\/\/eloquentia-paris.com\/index.php\/wp-json\/wp\/v2\/pages\/140\/revisions\/425"}],"up":[{"embeddable":true,"href":"https:\/\/eloquentia-paris.com\/index.php\/wp-json\/wp\/v2\/pages\/136"}],"wp:attachment":[{"href":"https:\/\/eloquentia-paris.com\/index.php\/wp-json\/wp\/v2\/media?parent=140"}],"curies":[{"name":"wp","href":"https:\/\/api.w.org\/{rel}","templated":true}]}}