{"id":151,"date":"2024-07-05T13:56:59","date_gmt":"2024-07-05T11:56:59","guid":{"rendered":"https:\/\/eloquentia-paris.com\/?page_id=151"},"modified":"2024-09-20T19:16:33","modified_gmt":"2024-09-20T17:16:33","slug":"nos-tarifs","status":"publish","type":"page","link":"https:\/\/eloquentia-paris.com\/index.php\/nos-tarifs\/","title":{"rendered":"Nos Tarifs"},"content":{"rendered":"\n<div class=\"wp-block-media-text has-media-on-the-right is-stacked-on-mobile is-vertically-aligned-center\" style=\"grid-template-columns:auto 34%\"><div class=\"wp-block-media-text__content\">\n<p>Premi\u00e8re chose \u00e0 <strong>savoir<\/strong>&nbsp;: <\/p>\n\n\n\n<p>le <strong>tarif <\/strong>d\u2019un interpr\u00e8te se calcule<strong> \u00e0 la journ\u00e9e<\/strong>.<\/p>\n\n\n\n<p><\/p>\n<\/div><figure class=\"wp-block-media-text__media\"><img loading=\"lazy\" decoding=\"async\" width=\"960\" height=\"653\" src=\"http:\/\/eloquentia-paris.com\/wp-content\/uploads\/2024\/07\/fr-fonctionnalite-devis-1bis.png\" alt=\"\" class=\"wp-image-193 size-full\" srcset=\"https:\/\/eloquentia-paris.com\/wp-content\/uploads\/2024\/07\/fr-fonctionnalite-devis-1bis.png 960w, https:\/\/eloquentia-paris.com\/wp-content\/uploads\/2024\/07\/fr-fonctionnalite-devis-1bis-300x204.png 300w\" sizes=\"auto, (max-width: 960px) 100vw, 960px\" \/><\/figure><\/div>\n\n\n\n<p><\/p>\n\n\n\n<div class=\"wp-block-media-text is-stacked-on-mobile\" style=\"grid-template-columns:34% auto\"><figure class=\"wp-block-media-text__media\"><img loading=\"lazy\" decoding=\"async\" width=\"684\" height=\"1024\" src=\"http:\/\/eloquentia-paris.com\/wp-content\/uploads\/2024\/07\/pexels-leeloothefirst-8970686-684x1024.jpg\" alt=\"\" class=\"wp-image-98 size-full\" srcset=\"https:\/\/eloquentia-paris.com\/wp-content\/uploads\/2024\/07\/pexels-leeloothefirst-8970686-684x1024.jpg 684w, https:\/\/eloquentia-paris.com\/wp-content\/uploads\/2024\/07\/pexels-leeloothefirst-8970686-200x300.jpg 200w, https:\/\/eloquentia-paris.com\/wp-content\/uploads\/2024\/07\/pexels-leeloothefirst-8970686-2000x2996.jpg 2000w, https:\/\/eloquentia-paris.com\/wp-content\/uploads\/2024\/07\/pexels-leeloothefirst-8970686-scaled.jpg 1709w\" sizes=\"auto, (max-width: 684px) 100vw, 684px\" \/><\/figure><div class=\"wp-block-media-text__content\">\n<p><strong>La tarification de nos services d\u00e9pendra de nombreux facteurs <\/strong>tels que :<\/p>\n\n\n\n<ul class=\"wp-block-list\">\n<li>mode d&#8217;interpr\u00e9tation requis (simultan\u00e9e, cons\u00e9cutive, chuchot\u00e9e, asserment\u00e9e, en ligne)<\/li>\n<\/ul>\n\n\n\n<ul class=\"wp-block-list\">\n<li>frais de recrutement (interpr\u00e8te individuel, \u00e9quipe d&#8217;interpr\u00e8te(s), technicien(s), etc.)<\/li>\n<\/ul>\n\n\n\n<ul class=\"wp-block-list\">\n<li>frais d&#8217;enregistrement (forme de droits d&#8217;auteurs)<\/li>\n<\/ul>\n\n\n\n<ul class=\"wp-block-list\">\n<li>frais d&#8217;\u00e9quipement technique (cabine de traduction, valisette avec micro\/casques, le cas \u00e9ch\u00e9ant)<\/li>\n<\/ul>\n\n\n\n<ul class=\"wp-block-list\">\n<li>frais de bouche (repas pris en charge, per diem)<\/li>\n<\/ul>\n\n\n\n<ul class=\"wp-block-list\">\n<li>frais de d\u00e9placement (approche\/d\u00e9proche, transport, h\u00e9bergement)<\/li>\n<\/ul>\n<\/div><\/div>\n","protected":false},"excerpt":{"rendered":"<p>Premi\u00e8re chose \u00e0 savoir&nbsp;: le tarif d\u2019un interpr\u00e8te se calcule \u00e0 la journ\u00e9e.<\/p>\n","protected":false},"author":1,"featured_media":0,"parent":0,"menu_order":0,"comment_status":"closed","ping_status":"closed","template":"","meta":{"om_disable_all_campaigns":false,"_monsterinsights_skip_tracking":false,"_monsterinsights_sitenote_active":false,"_monsterinsights_sitenote_note":"","_monsterinsights_sitenote_category":0,"inspiro_hide_title":false,"footnotes":""},"class_list":["post-151","page","type-page","status-publish","hentry"],"aioseo_notices":[],"jetpack_sharing_enabled":true,"_links":{"self":[{"href":"https:\/\/eloquentia-paris.com\/index.php\/wp-json\/wp\/v2\/pages\/151","targetHints":{"allow":["GET"]}}],"collection":[{"href":"https:\/\/eloquentia-paris.com\/index.php\/wp-json\/wp\/v2\/pages"}],"about":[{"href":"https:\/\/eloquentia-paris.com\/index.php\/wp-json\/wp\/v2\/types\/page"}],"author":[{"embeddable":true,"href":"https:\/\/eloquentia-paris.com\/index.php\/wp-json\/wp\/v2\/users\/1"}],"replies":[{"embeddable":true,"href":"https:\/\/eloquentia-paris.com\/index.php\/wp-json\/wp\/v2\/comments?post=151"}],"version-history":[{"count":9,"href":"https:\/\/eloquentia-paris.com\/index.php\/wp-json\/wp\/v2\/pages\/151\/revisions"}],"predecessor-version":[{"id":409,"href":"https:\/\/eloquentia-paris.com\/index.php\/wp-json\/wp\/v2\/pages\/151\/revisions\/409"}],"wp:attachment":[{"href":"https:\/\/eloquentia-paris.com\/index.php\/wp-json\/wp\/v2\/media?parent=151"}],"curies":[{"name":"wp","href":"https:\/\/api.w.org\/{rel}","templated":true}]}}